{"id":5630,"date":"2020-11-29T12:36:51","date_gmt":"2020-11-29T12:36:51","guid":{"rendered":"https:\/\/www.used-wackerneuson.ch\/?page_id=5630"},"modified":"2020-11-29T12:43:30","modified_gmt":"2020-11-29T12:43:30","slug":"conditions-dutilisation","status":"publish","type":"page","link":"https:\/\/www.used-wackerneuson.ch\/fr\/conditions-dutilisation\/","title":{"rendered":"Conditions d&#8217;utilisation"},"content":{"rendered":"<div class=\"wpb-content-wrapper\"><p>[vc_row][vc_column][stm_post_title][\/vc_column][\/vc_row][vc_row][vc_column][vc_column_text]L&#8217;utilisation de ces pages Web et des services (&#8220;Site Web&#8221;) mis \u00e0 disposition par Wacker Neuson SE et\/ou par une de ses filiales (&#8220;Wacker Neuson&#8221;) n&#8217;est licite que sur la base des conditions d&#8217;utilisation cit\u00e9es ci-apr\u00e8s. Vous acceptez la validit\u00e9 de ces conditions d&#8217;utilisation dans sa version en vigueur par l&#8217;exploitation et\/ou la consultation de ce site Web. Veuillez la lire pour cette raison attentivement avant d&#8217;utiliser ce site Web.[\/vc_column_text][vc_column_text]<\/p>\n<h3>1. Prestations<\/h3>\n<p>Wacker Neuson met \u00e0 disposition sur ce site Web des informations pr\u00e9cises et des logiciels, le cas \u00e9ch\u00e9ant, outre \u00e0 de fins de documentation, pour la consultation ou le t\u00e9l\u00e9chargement.<br \/>\nWacker Neuson se resserve le droit de modifier enti\u00e8rement ou partiellement le site Web par ses propres moyens ou les services et informations mis \u00e0 disposition sur le site Web \u00e0 tout moment et sans pr\u00e9avis, de les restreindre ou de les destituer ainsi que de limiter l&#8217;acc\u00e8s au site Web en sa totalit\u00e9 ou partiellement et de refuser \u00e0 des utilisateurs isol\u00e9es l&#8217;acc\u00e8s sans pr\u00e9avis \u00e0 son gr\u00e9.<br \/>\nWacker Neuson s&#8217;efforce \u00e0 veiller \u00e0 la mise \u00e0 disposition sans interruption du site Web et des services ainsi qu&#8217;aux transmissions parfaites, cependant sous resserve de garanties.[\/vc_column_text][vc_column_text]<\/p>\n<h3>2. Contenus :<\/h3>\n<p>Les contenus pr\u00e9sent\u00e9s sur ce site Web ne servent qu&#8217;\u00e0 de fins d&#8217;information et de communication et sont donn\u00e9es \u00e0 titre indicatif.<br \/>\nLes renseignements concernant nos produits Wacker Neuson ne servent qu&#8217;\u00e0 titre indicatif g\u00e9n\u00e9ral et ne replacent en aucun cas le conseil personnalis\u00e9 au pr\u00e9alable pour une d\u00e9cision d&#8217;achat. Les caract\u00e9ristiques techniques et \u00e9quipements des appareils et engins d\u00e9crits constituent uniquement des exemples. De telles caract\u00e9ristiques et \u00e9quipements peuvent varier selon les pays. Sous resserve de modifications \u00e0 tout instant.<br \/>\nDans la mesure o\u00f9 notre site Web contient des d\u00e9clarations portant sur l&#8217;avenir, ces d\u00e9clarations sont bas\u00e9s sur les convictions et les appr\u00e9ciations de la gestion de Wacker Neuson et sont par cons\u00e9quent soumises \u00e0 des risques et incertitudes. Wacker Neuson n&#8217;est pas tenu d&#8217;actualiser de telles d\u00e9clarations portant sur l&#8217;avenir. Une responsabilit\u00e9 pour de telles d\u00e9clarations est express\u00e9ment exclue.<br \/>\nLes informations mise \u00e0 disposition et affich\u00e9es concernant la bourse et l&#8217;\u00e9conomie, les cours du march\u00e9, les indices, les prix, les articles de journal, les donn\u00e9es de march\u00e9 g\u00e9n\u00e9rales etc. ne sont destin\u00e9es qu&#8217;exclusivement pour informer des visiteurs du site Web en ne constituent en aucun cas un conseil d&#8217;investissement ou d&#8217;autres recommandations. Dans la mesure o\u00f9 le site Web contient des recommandations d&#8217;analystes, Wacker Neuson d\u00e9cline toute responsabilit\u00e9 en particulier quant \u00e0 l&#8217;exactitude et l&#8217;int\u00e9gralit\u00e9 des suppositions et hypoth\u00e8ses bas\u00e9es sur ces recommandations. [\/vc_column_text][vc_column_text]<\/p>\n<h3>3. Utilisation<\/h3>\n<p>Ce site Web est con\u00e7u et mis \u00e0 disposition par Wacker Neuson en R\u00e9publique f\u00e9d\u00e9rale d&#8217;Allemagne.<br \/>\nWacker Neuson n&#8217;est pas tenu responsable si les contenus de ce site Web sont adapt\u00e9s ou disponibles en dehors de l&#8217;Allemagne ou si l&#8217;acc\u00e8s sur les contenus de ce site Web est admissible en dehors de l&#8217;Allemagne; un tel acc\u00e8s s&#8217;effectue sous la propre responsabilit\u00e9 et aux propres risques de l&#8217;utilisateur. Chaque utilisateur est responsable du respect des lois en vigueur et des prescriptions, en particuli\u00e8re il doit respecter, lors de la transmission des informations et fichiers mises \u00e0 disposition au tierces par Wacker Neuson, les prescriptions applicables du droit national et international de contr\u00f4le d&#8217;exportation et de r\u00e9exportation.<br \/>\nToute utilisation abusive du site Web est proscrite, en particulier un (a) comportement immorale, (b) une atteinte \u00e0 la s\u00e9curit\u00e9 du r\u00e9seau de Wacker Neuson, tout particuli\u00e8rement en cas de transmission de contenus comportant des virus ou des logiciels malveillants semblables qui alternent la fonctionnalit\u00e9 de l&#8217;ordinateur d&#8217;autrui, (e) le contournement des mesures de s\u00e9curit\u00e9 du site Web, (d) la diffusion des publicit\u00e9s ou des courriers \u00e9lectroniques non sollicit\u00e9s (spam) et \u00e9quivalent ou (e) des restrictions de l&#8217;acc\u00e8s sur le site Web ou aux services ou leur utilisation ou seulement la tentative d&#8217;une quelconque restriction (par exemple par un nombre inhabituel d&#8217;acc\u00e8s, ind\u00e9pendamment du fait s&#8217;ils sont g\u00e9n\u00e9r\u00e9s manuellement ou automatiquement).<\/p>\n<p>Wacker Neuson a le droit de refuser l&#8217;acc\u00e8s au site Web en particulier si l&#8217;utilisateur enfreint ses obligations quant aux conditions cit\u00e9s ci-avant. Wacker Neuson se resserve express\u00e9ment de faire valoir les droits, p.ex. en cas de dommages et int\u00e9r\u00eats ainsi qu&#8217;en cas de poursuite juridique d&#8217;infractions.[\/vc_column_text][vc_column_text]<\/p>\n<h3>4. Enregistrement<\/h3>\n<p>Les services mis \u00e0 disposition sur le site Web peuvent exiger un enregistrement au pr\u00e9alable; l&#8217;enregistrement peut \u00eatre refus\u00e9 sans autre motivation.<br \/>\nL&#8217;utilisateur est tenu de fournir des renseignements corrects et complets lors de l&#8217;enregistrement et de les mettre \u00e0 jour le cas \u00e9ch\u00e9ant. L&#8217;utilisateur consentit que Wacker Neuson le contacte, le cas \u00e9ch\u00e9ant, par courrier \u00e9lectronique.<br \/>\nDes utilisateurs enregistr\u00e9s sont tenus responsables que la confidentialit\u00e9 des donn\u00e9es d&#8217;acc\u00e8s attribu\u00e9es soit maintenue pour qu&#8217;aucune personne non-autoris\u00e9e n&#8217;ait acc\u00e8s sur son compte. Vous \u00eates le seul et unique responsable des commandes et d&#8217;autres activit\u00e9s sur le site Web effectu\u00e9s sous vos donn\u00e9es d&#8217;acc\u00e8s. Wacker Neuson doit imm\u00e9diatement \u00eatre inform\u00e9 si les donn\u00e9es d&#8217;acc\u00e8s sont ou pourraient \u00eatre utilis\u00e9es de mani\u00e8re non-autoris\u00e9e.<br \/>\nWacker Neuson a le droit de r\u00e9voquer l&#8217;autorisation d&#8217;acc\u00e8s par blocage des donn\u00e9es d&#8217;acc\u00e8s sans pr\u00e9avis et sans justification, en particulier si l&#8217;utilisateur enfreint les obligations d&#8217;utilisation cit\u00e9es ci-avant.[\/vc_column_text][vc_column_text]<\/p>\n<h3>5. Propri\u00e9t\u00e9 intellectuelle<\/h3>\n<p>Ce site Web est la propri\u00e9t\u00e9 de Wacker Neuson et est exploit\u00e9 et mis \u00e0 jour par Wacker Neuson. Toutes les informations ou donn\u00e9es (texte, image, graphique, son, vid\u00e9o ou fichiers administratifs) sont &#8211; sauf indication contraire &#8211; la propri\u00e9t\u00e9 de Wacker Neuson. Elles, comme la mise en place et l&#8217;arrangement du site Web, sont soumises \u00e0 la protection du droit d&#8217;auteur et d&#8217;autres lois pour la protection de la propri\u00e9t\u00e9.<br \/>\nLes marques cit\u00e9es sur ce site Web sont sauf indication contraire et &#8211; m\u00eame sans indication sp\u00e9cifique &#8211; prot\u00e9g\u00e9es. Cela vaut en particulier pour les logos d&#8217;entreprise et marques distinctives. Il est interdit d&#8217;utiliser ces marques sans accord \u00e9crit au pr\u00e9alable de Wacker Neuson.<br \/>\nChaque utilisation du site Web requiert le respect des droits d&#8217;auteur du nom et des marques ainsi que tous les autres droits de protection industrielle de la Wacker Neuson SE et des filiales du groupe.<br \/>\nDes informations, noms de marques et d&#8217;autres contenus sur le site Web de Wacker Neuson ne doivent en aucun cas \u00eatre modifi\u00e9s, copi\u00e9s, reproduits, vendus, lou\u00e9s, utilis\u00e9s, compl\u00e9t\u00e9s ou exploit\u00e9s de quelque mani\u00e8re que ce soit, m\u00eame partiellement sans accord \u00e9crit par Wacker Neuson.<br \/>\nIl est autoris\u00e9 d&#8217;apposer des liens hypertexte sur les pages Web de Wacker Neuson comme p. ex. www.wackerneuson.com, si le lien m\u00e8ne a un t\u00e9l\u00e9chargement complet de la page sur laquelle les utilisateurs sont redirig\u00e9s sans que la page cible soit mises dans un cadre (Frame). Des liens diff\u00e9rents requi\u00e8rent avant leur insertion l&#8217;autorisation de Wacker Neuson.<br \/>\nLe site Web et les conditions d&#8217;utilisation ne garantissent aucune licence pour l&#8217;exploitation de la propri\u00e9t\u00e9 intellectuelle des entreprises appartenant au groupe de Wacker Neuson, ni Wacker Neuson n&#8217;est dans l&#8217;obligation d&#8217;octroyer de tels droits.<br \/>\nTous les messages et autre mat\u00e9riel (y compris des id\u00e9es, suggestions ou \u00e9l\u00e9ments de toute sorte envoy\u00e9es de mani\u00e8re spontan\u00e9e et illimit\u00e9e) que vous envoyez \u00e0 cette page par courrier \u00e9lectronique ou directement \u00e0 Wacker Neuson peuvent \u00eatre exploit\u00e9s par Wacker Neuson sans d\u00e9dommagement ou r\u00e9mun\u00e9ration \u00e0 des fins commerciales ou autres. Cela n&#8217;engendre en aucun cas une relation contractuelle.[\/vc_column_text][vc_column_text]<\/p>\n<h3>6. Confidentialit\u00e9 et Protection des donn\u00e9es<\/h3>\n<p>Les transmissions des donn\u00e9es via ce site Web ainsi que les courriers \u00e9lectroniques et les commentaires envoy\u00e9s \u00e0 Wacker Neuson ne sont pas prot\u00e9g\u00e9s. Wacker Neuson d\u00e9cline pour cette raison toute responsabilit\u00e9 quant \u00e0 la confidentialit\u00e9 et l&#8217;int\u00e9grit\u00e9 des contenus envoy\u00e9s ou quant \u00e0 l&#8217;utilisation ou \u00e0 la publication de ces envois.<br \/>\nDans la mesure o\u00f9 vous transmettez lors de l&#8217;utilisation des informations strictement personnelles sur ce site Web, ou que vous les mettez \u00e0 disposition sur ce site Web, vous exprimez votre accord que Wacker Neuson traitera de telles informations conform\u00e9ment aux r\u00e9glementations concernant des informations particuli\u00e8res \u00e0 de fins de <strong>protection des donn\u00e9es<\/strong> (lien en pied de page).[\/vc_column_text][vc_column_text]<\/p>\n<h3>7. Clause de non-responsabilit\u00e9, limitation de la responsabilit\u00e9<\/h3>\n<p>Les informations que Wacker Neuson vous met \u00e0 disposition sur ce site Web ont \u00e9t\u00e9 rassembl\u00e9es avec beaucoup de soin et sont continuellement mises \u00e0 jour. Nous ne pouvons cependant pas garantir que ces informations soient toujours exactes et nous d\u00e9clinons pour cette raison toute responsabilit\u00e9 quant aux informations mises \u00e0 disposition sur ce site Web en particulier quant \u00e0 l&#8217;exactitude, \u00e0 la pertinence, \u00e0 l&#8217;int\u00e9gralit\u00e9 ou \u00e0 l&#8217;actualit\u00e9 des contenus; nous ne sommes pas tenus \u00e0 mettre \u00e0 jour le contenu du site Internet.<br \/>\nWacker Neuson n&#8217;est pas responsable et d\u00e9cline toute responsabilit\u00e9 quant \u00e0 la fonctionnalit\u00e9 ou le contenu de sites Web, services ou logiciels externes rendus accessibles sur ce site Web par de liens hypertexte. Des liens hypertexte sont marqu\u00e9s par le symbole sp\u00e9cifique (). En activant le lien hypertexte vous quittez l&#8217;offre d&#8217;informations de Wacker Neuson. Il se peut que les offres de tierces b\u00e9n\u00e9ficient d&#8217;autres r\u00e9glementations, en particulier en ce qui concerne la protection des donn\u00e9es. L&#8217;acc\u00e8s sur un site Web via un lien hypertexte sur ce site Web s&#8217;effectue \u00e0 l&#8217;unique responsabilit\u00e9 de l&#8217;utilisateur. Wacker Neuson d\u00e9cline toute responsabilit\u00e9 quant aux contenus g\u00e9n\u00e9r\u00e9s par liens hypertexte. Un lien hypertexte sur un site Web externe ne constitue qu&#8217;une offre de service pour les utilisateurs et n&#8217;implique en aucun cas que Wacker Neuson consentit ou approuve le site Web ou les produits ou prestations de service qui y sont d\u00e9crits.<br \/>\nWacker Neuson a pris des dispositions ad\u00e9quates pour la s\u00e9curit\u00e9 de ce site Web, mais d\u00e9cline toute responsabilit\u00e9 quant \u00e0 la s\u00e9curit\u00e9 ou aux virus contenants dans ce site Web ou dans des fichiers et donn\u00e9es transmis. Wacker Neuson recommande pour cette raison \u00e0 l&#8217;utilisateur pour sa propre protection de veiller aux dispositifs de s\u00e9curit\u00e9 sur ses propres ordinateurs.<br \/>\nL&#8217;utilisation des contenus mis \u00e0 disposition sur ce site Web et dans ces conditions d&#8217;utilisation s&#8217;effectue aux risques et p\u00e9rils de l&#8217;utilisateur et n&#8217;est pas de la responsabilit\u00e9 de Wacker Neuson.<br \/>\nLes clauses de non-responsabilit\u00e9 et de garantie cit\u00e9es ci-avant ne sont pas applicables si Wacker Neuson est, selon la loi sur la responsabilit\u00e9 du fait de produits, tenu obligatoirement responsable en cas de pr\u00e9m\u00e9ditation, de n\u00e9gligence grave, de pr\u00e9judice pour la vie, le corps et la sant\u00e9, ou en cas de transfert de la garantie de qualit\u00e9, en cas de dissimulation frauduleuse d&#8217;un d\u00e9faut ou en cas de non-respect des obligations contractuelles fondamentales. Les dommages et int\u00e9r\u00eats pour le non-respect des obligations contractuelles fondamentales sont cependant limit\u00e9s aux dommages cit\u00e9s dans le contrat et pr\u00e9visibles dans la mesure ou aucune pr\u00e9m\u00e9ditation ou n\u00e9gligence grave de la part de Wacker Neuson n&#8217;a eu lieu.[\/vc_column_text][vc_column_text]<\/p>\n<h3>8. Loi applicable et juridiction comp\u00e9tente<\/h3>\n<p>L&#8217;utilisation de ce site Web et de ces conditions d&#8217;utilisation est soumises au droit allemand hormis de ses dispositions entrant en conflit de lois et du droit commun europ\u00e9en de la vente. La juridiction pour tout litige est le si\u00e8ge de la Wacker Neuson SE.[\/vc_column_text][vc_column_text]<\/p>\n<h3>9. Divers<\/h3>\n<p>Wacker Neuson a le droit d&#8217;actualiser et de modifier \u00e0 n&#8217;importe quel moment les conditions d&#8217;utilisation actuellement en vigueur. Elles sont obligatoires dans leur version actuelle.<br \/>\nCes conditions d&#8217;utilisation peuvent \u00eatre compl\u00e9t\u00e9es, modifi\u00e9es ou remplac\u00e9es dans de cas sp\u00e9cifiques par d&#8217;autres conditions, p. ex. pour l&#8217;achat de produits et\/ou de prestations de services et\/ou pour l&#8217;utilisation d&#8217;offres sp\u00e9ciales et cela ind\u00e9pendamment du fait, si vous avez \u00e9t\u00e9 r\u00e9f\u00e9r\u00e9 express\u00e9ment sur ces autres conditions d&#8217;utilisation.<br \/>\nSi les dispositions de ces conditions d&#8217;utilisation devraient \u00eatre d\u00e9clar\u00e9es de mani\u00e8re illicite comme non ex\u00e9cutoires, cela n&#8217;aura aucune r\u00e9percussion sur les autres dispositions; les conditions d&#8217;utilisation sont dans ce cas \u00e0 interpr\u00e9ter selon leur signification initiale et, comme si elles ne comprenaient pas les conditions non ex\u00e9cutoires.<br \/>\n[\/vc_column_text][vc_column_text]Si vous rencontrez des probl\u00e8mes ou si vous avez des questions concernant le site Web de Wacker Neuson, veuillez-vous adresser \u00e0 notre webmaster : <a href=\"mailto:webmaster@wackerneuson.com\">webmaster@wackerneuson.com<\/a>.[\/vc_column_text][vc_column_text]Version : Septembre 2012[\/vc_column_text][\/vc_column][\/vc_row]<\/p>\n<\/div>","protected":false},"excerpt":{"rendered":"<p>[vc_row][vc_column][stm_post_title][\/vc_column][\/vc_row][vc_row][vc_column][vc_column_text]L&#8217;utilisation de ces pages Web et des services (&#8220;Site Web&#8221;) mis \u00e0 disposition par Wacker Neuson SE et\/ou par une de ses filiales (&#8220;Wacker Neuson&#8221;) n&#8217;est licite que sur la base des conditions d&#8217;utilisation cit\u00e9es ci-apr\u00e8s. Vous acceptez la validit\u00e9 de ces conditions d&#8217;utilisation dans sa version en vigueur par l&#8217;exploitation et\/ou la consultation de&#8230;<\/p>\n","protected":false},"author":2,"featured_media":0,"parent":0,"menu_order":0,"comment_status":"closed","ping_status":"closed","template":"","meta":{"_acf_changed":false,"footnotes":""},"class_list":["post-5630","page","type-page","status-publish","hentry"],"acf":[],"_links":{"self":[{"href":"https:\/\/www.used-wackerneuson.ch\/fr\/wp-json\/wp\/v2\/pages\/5630","targetHints":{"allow":["GET"]}}],"collection":[{"href":"https:\/\/www.used-wackerneuson.ch\/fr\/wp-json\/wp\/v2\/pages"}],"about":[{"href":"https:\/\/www.used-wackerneuson.ch\/fr\/wp-json\/wp\/v2\/types\/page"}],"author":[{"embeddable":true,"href":"https:\/\/www.used-wackerneuson.ch\/fr\/wp-json\/wp\/v2\/users\/2"}],"replies":[{"embeddable":true,"href":"https:\/\/www.used-wackerneuson.ch\/fr\/wp-json\/wp\/v2\/comments?post=5630"}],"version-history":[{"count":3,"href":"https:\/\/www.used-wackerneuson.ch\/fr\/wp-json\/wp\/v2\/pages\/5630\/revisions"}],"predecessor-version":[{"id":5634,"href":"https:\/\/www.used-wackerneuson.ch\/fr\/wp-json\/wp\/v2\/pages\/5630\/revisions\/5634"}],"wp:attachment":[{"href":"https:\/\/www.used-wackerneuson.ch\/fr\/wp-json\/wp\/v2\/media?parent=5630"}],"curies":[{"name":"wp","href":"https:\/\/api.w.org\/{rel}","templated":true}]}}