{"id":5637,"date":"2020-11-29T12:55:45","date_gmt":"2020-11-29T12:55:45","guid":{"rendered":"https:\/\/www.used-wackerneuson.ch\/?page_id=5637"},"modified":"2020-11-29T12:55:45","modified_gmt":"2020-11-29T12:55:45","slug":"mentions-legales","status":"publish","type":"page","link":"https:\/\/www.used-wackerneuson.ch\/fr\/mentions-legales\/","title":{"rendered":"Mentions l\u00e9gales"},"content":{"rendered":"<div class=\"wpb-content-wrapper\"><p>[vc_row][vc_column][stm_post_title][vc_column_text]Wacker Neuson SE<br \/>\nPreu\u00dfenstra\u00dfe 41<br \/>\n80809 M\u00fcnchen, Deutschland<br \/>\nTel. +49 &#8211; (0)89 &#8211; 35 402 -0<br \/>\nFax +49 &#8211; (0)89 &#8211; 35 402 -390<br \/>\ninfo@wackerneuson.com[\/vc_column_text][vc_column_text]<strong>Membres du directoire munis d&#8217;un pouvoir de repr\u00e9sentation : <\/strong><br \/>\nMartin Lehner, CEO, CTO<br \/>\nFelix Bietenbeck COO<br \/>\nAlexander Greschner<br \/>\nCSO \u200b\u200b\u200b\u200b\u200b\u200b\u200bWilfried Trepels, CFO<\/p>\n<p><strong>Pr\u00e9sident du conseil d\u2019surveillance :<\/strong><br \/>\nHans Neunteufel<\/p>\n<p><strong>Cour de registre :<\/strong><br \/>\nTribunal d&#8217;instance de Munich Num\u00e9ro de registre : HRB 177 839<\/p>\n<p><strong>Num\u00e9ro d&#8217;identification <\/strong> TVA conform\u00e9ment au \u00a7 27a de la loi allemande relative \u00e0 l&#8217;imp\u00f4t sur le chiffre d&#8217;affaires : DE 223 445 928.<\/p>\n<p><strong>Responsable<\/strong> en vertu de l\u2019article 55, paragraphe 2 RStV (droit allemand) :<br \/>\nMartin Lehner<br \/>\nPreu\u00dfenstra\u00dfe 41<br \/>\n80809 Munich, Allemagne[\/vc_column_text][\/vc_column][\/vc_row]<\/p>\n<\/div>","protected":false},"excerpt":{"rendered":"<p>[vc_row][vc_column][stm_post_title][vc_column_text]Wacker Neuson SE Preu\u00dfenstra\u00dfe 41 80809 M\u00fcnchen, Deutschland Tel. +49 &#8211; (0)89 &#8211; 35 402 -0 Fax +49 &#8211; (0)89 &#8211; 35 402 -390 info@wackerneuson.com[\/vc_column_text][vc_column_text]Membres du directoire munis d&#8217;un pouvoir de repr\u00e9sentation : Martin Lehner, CEO, CTO Felix Bietenbeck COO Alexander Greschner CSO \u200b\u200b\u200b\u200b\u200b\u200b\u200bWilfried Trepels, CFO Pr\u00e9sident du conseil d\u2019surveillance : Hans Neunteufel Cour de&#8230;<\/p>\n","protected":false},"author":2,"featured_media":0,"parent":0,"menu_order":0,"comment_status":"closed","ping_status":"closed","template":"","meta":{"_acf_changed":false,"footnotes":""},"class_list":["post-5637","page","type-page","status-publish","hentry"],"acf":[],"_links":{"self":[{"href":"https:\/\/www.used-wackerneuson.ch\/fr\/wp-json\/wp\/v2\/pages\/5637","targetHints":{"allow":["GET"]}}],"collection":[{"href":"https:\/\/www.used-wackerneuson.ch\/fr\/wp-json\/wp\/v2\/pages"}],"about":[{"href":"https:\/\/www.used-wackerneuson.ch\/fr\/wp-json\/wp\/v2\/types\/page"}],"author":[{"embeddable":true,"href":"https:\/\/www.used-wackerneuson.ch\/fr\/wp-json\/wp\/v2\/users\/2"}],"replies":[{"embeddable":true,"href":"https:\/\/www.used-wackerneuson.ch\/fr\/wp-json\/wp\/v2\/comments?post=5637"}],"version-history":[{"count":1,"href":"https:\/\/www.used-wackerneuson.ch\/fr\/wp-json\/wp\/v2\/pages\/5637\/revisions"}],"predecessor-version":[{"id":5639,"href":"https:\/\/www.used-wackerneuson.ch\/fr\/wp-json\/wp\/v2\/pages\/5637\/revisions\/5639"}],"wp:attachment":[{"href":"https:\/\/www.used-wackerneuson.ch\/fr\/wp-json\/wp\/v2\/media?parent=5637"}],"curies":[{"name":"wp","href":"https:\/\/api.w.org\/{rel}","templated":true}]}}